{"id":1719,"date":"2025-11-18T14:54:39","date_gmt":"2025-11-18T13:54:39","guid":{"rendered":"https:\/\/naturkinder.org\/2026\/?page_id=1719"},"modified":"2026-05-02T22:08:50","modified_gmt":"2026-05-02T20:08:50","slug":"silverstorm","status":"publish","type":"page","link":"https:\/\/naturkinder.org\/","title":{"rendered":"Front Page"},"content":{"rendered":"<div data-colibri-id=\"1719-c1\" class=\"style-193 style-local-1719-c1 position-relative\">\n  <!---->\n  <div data-colibri-component=\"section\" data-colibri-id=\"1719-c2\" id=\"blank-2\" class=\"h-section h-section-global-spacing d-flex align-items-lg-center align-items-md-center align-items-center style-621 style-local-1719-c2 position-relative\">\n    <!---->\n    <!---->\n    <div class=\"h-section-grid-container h-section-boxed-container\">\n      <!---->\n      <div data-colibri-id=\"1719-c3\" class=\"h-row-container gutters-row-lg-2 gutters-row-md-2 gutters-row-3 gutters-row-v-lg-2 gutters-row-v-md-2 gutters-row-v-3 style-629 style-local-1719-c3 position-relative\">\n        <!---->\n        <div class=\"h-row justify-content-lg-center justify-content-md-center justify-content-center align-items-lg-stretch align-items-md-stretch align-items-stretch gutters-col-lg-2 gutters-col-md-2 gutters-col-3 gutters-col-v-lg-2 gutters-col-v-md-2 gutters-col-v-3\">\n          <!---->\n          <div class=\"h-column h-column-container d-flex h-col-lg-auto h-col-md-auto h-col-auto style-630-outer style-local-1719-c4-outer\">\n            <div data-colibri-id=\"1719-c4\" class=\"d-flex h-flex-basis h-column__inner h-px-lg-2 h-px-md-2 h-px-2 v-inner-lg-2 v-inner-md-2 v-inner-2 style-630 style-local-1719-c4 position-relative\">\n              <!---->\n              <!---->\n              <div class=\"w-100 h-y-container h-column__content h-column__v-align flex-basis-100 align-self-lg-start align-self-md-start align-self-start\">\n                <!---->\n                <div data-colibri-id=\"1719-c5\" class=\"h-text h-text-component style-631 style-local-1719-c5 position-relative h-element\">\n                  <!---->\n                  <!---->\n                  <div class=\"\">\n                    <p>Der Wald ist unser Raum und unser Rhythmus. Er schenkt Weite und Geborgenheit zugleich. Die Kinder laufen \u00fcber Wurzeln, h\u00f6ren den Klang der Jahreszeiten, sp\u00fcren Schnee, Sonne und Regen und erfahren, wie gut es tut, Teil der Natur zu\n                      sein. Im freien Spiel, im forschenden Tun und in kleinen, liebevoll gef\u00fchrten Ritualen entwickeln sie Kreativit\u00e4t, Mut, Sprachkraft, soziale Sicherheit und ein tiefes K\u00f6rperbewusstsein \u2013 all das, was eine gesunde Entwicklung tr\u00e4gt.<\/p>\n                  <\/div>\n                <\/div>\n              <\/div>\n            <\/div>\n          <\/div>\n        <\/div>\n      <\/div>\n    <\/div>\n  <\/div>\n  <div data-colibri-component=\"section\" data-colibri-id=\"1719-c10\" id=\"custom-2\" class=\"h-section h-section-global-spacing d-flex align-items-lg-start align-items-md-start align-items-center style-211 style-local-1719-c10 position-relative\">\n    <!---->\n    <!---->\n    <div class=\"h-section-grid-container h-section-boxed-container\">\n      <!---->\n      <div data-colibri-id=\"1719-c11\" class=\"h-row-container gutters-row-lg-2 gutters-row-md-2 gutters-row-0 gutters-row-v-lg-2 gutters-row-v-md-2 gutters-row-v-2 style-363 style-local-1719-c11 position-relative\">\n        <!---->\n        <div class=\"h-row justify-content-lg-start justify-content-md-start justify-content-start align-items-lg-stretch align-items-md-stretch align-items-stretch gutters-col-lg-2 gutters-col-md-2 gutters-col-0 gutters-col-v-lg-2 gutters-col-v-md-2 gutters-col-v-2\">\n          <!---->\n          <div class=\"h-column h-column-container d-flex h-col-lg-auto h-col-md-auto h-col-auto style-364-outer style-local-1719-c12-outer\">\n            <div data-colibri-id=\"1719-c12\" class=\"d-flex h-flex-basis h-column__inner h-ui-empty-state-container h-px-lg-2 h-px-md-2 h-px-2 v-inner-lg-2 v-inner-md-2 v-inner-2 style-364 style-local-1719-c12 position-relative\">\n              <!---->\n              <!---->\n              <div class=\"w-100 h-y-container h-column__content h-column__v-align flex-basis-100\">\n                <!---->\n              <\/div>\n            <\/div>\n          <\/div>\n          <div class=\"h-column h-column-container d-flex h-col-lg-auto h-col-md-auto h-col-auto style-384-outer style-local-1719-c13-outer\">\n            <div data-colibri-id=\"1719-c13\" class=\"d-flex h-flex-basis h-column__inner h-px-lg-2 h-px-md-2 h-px-2 v-inner-lg-2 v-inner-md-2 v-inner-2 style-384 style-local-1719-c13 position-relative\">\n              <!---->\n              <!---->\n              <div class=\"w-100 h-y-container h-column__content h-column__v-align flex-basis-100 align-self-lg-start align-self-md-start align-self-start\">\n                <!---->\n                <div data-colibri-id=\"1719-c14\" class=\"h-global-transition-all h-heading style-365 style-local-1719-c14 position-relative h-element\">\n                  <!---->\n                  <div class=\"h-heading__outer style-365 style-local-1719-c14\">\n                    <!---->\n                    <!---->\n                    <h2 class=\"\">Aktuelles<\/h2>\n                  <\/div>\n                <\/div>\n                <div data-colibri-id=\"1719-c15\" class=\"h-text h-text-component style-366 style-local-1719-c15 position-relative h-element\">\n                  <!---->\n                  <!---->\n                  <div class=\"\">\n                    <p>Besucht uns auf der HerzensMaile. Wir freuen uns auf euch!&nbsp;<\/p>\n                    <p>\n                      <br>\n                    <\/p>\n                  <\/div>\n                <\/div>\n                <div data-colibri-id=\"1719-c33\" class=\"d-block style-729 style-local-1719-c33 position-relative h-element\">\n                  <!---->\n                  <div class=\"h-image__frame-container-outer\">\n                    <div class=\"h-image__frame-container\">\n                      <!---->\n                      <!---->\n                      <img loading=\"lazy\" decoding=\"async\" width=\"1241\" height=\"1754\" src=\"https:\/\/naturkinder.org\/wp-content\/uploads\/2026\/05\/WhatsApp-Image-2026-04-30-at-11.13.42.jpeg\" class=\"wp-image-3806 style-729-image style-local-1719-c33-image\" alt=\"\" srcset=\"https:\/\/naturkinder.org\/wp-content\/uploads\/2026\/05\/WhatsApp-Image-2026-04-30-at-11.13.42.jpeg 1241w, https:\/\/naturkinder.org\/wp-content\/uploads\/2026\/05\/WhatsApp-Image-2026-04-30-at-11.13.42-212x300.jpeg 212w, https:\/\/naturkinder.org\/wp-content\/uploads\/2026\/05\/WhatsApp-Image-2026-04-30-at-11.13.42-725x1024.jpeg 725w, https:\/\/naturkinder.org\/wp-content\/uploads\/2026\/05\/WhatsApp-Image-2026-04-30-at-11.13.42-768x1085.jpeg 768w, https:\/\/naturkinder.org\/wp-content\/uploads\/2026\/05\/WhatsApp-Image-2026-04-30-at-11.13.42-1087x1536.jpeg 1087w, https:\/\/naturkinder.org\/wp-content\/uploads\/2026\/05\/WhatsApp-Image-2026-04-30-at-11.13.42-500x707.jpeg 500w, https:\/\/naturkinder.org\/wp-content\/uploads\/2026\/05\/WhatsApp-Image-2026-04-30-at-11.13.42-800x1131.jpeg 800w\" sizes=\"auto, (max-width: 1241px) 100vw, 1241px\" \/>\n                      <div class=\"h-image__frame h-hide-lg h-hide-md h-hide-sm style-729-frameImage style-local-1719-c33-frameImage\"><\/div>\n                    <\/div>\n                  <\/div>\n                <\/div>\n              <\/div>\n            <\/div>\n          <\/div>\n        <\/div>\n      <\/div>\n    <\/div>\n  <\/div>\n  <div data-colibri-component=\"section\" data-colibri-id=\"1719-c16\" id=\"blank\" class=\"h-section h-section-global-spacing d-flex align-items-lg-center align-items-md-center align-items-center style-609 style-local-1719-c16 position-relative\">\n    <!---->\n    <!---->\n    <div class=\"h-section-grid-container h-section-boxed-container\">\n      <!---->\n      <div data-colibri-id=\"1719-c17\" class=\"h-row-container gutters-row-lg-2 gutters-row-md-2 gutters-row-3 gutters-row-v-lg-2 gutters-row-v-md-2 gutters-row-v-3 style-618 style-local-1719-c17 position-relative\">\n        <!---->\n        <div class=\"h-row justify-content-lg-center justify-content-md-center justify-content-center align-items-lg-stretch align-items-md-stretch align-items-stretch gutters-col-lg-2 gutters-col-md-2 gutters-col-3 gutters-col-v-lg-2 gutters-col-v-md-2 gutters-col-v-3\">\n          <!---->\n          <div class=\"h-column h-column-container d-flex h-col-lg-auto h-col-md-auto h-col-auto style-619-outer style-local-1719-c18-outer\">\n            <div data-colibri-id=\"1719-c18\" class=\"d-flex h-flex-basis h-column__inner h-px-lg-2 h-px-md-2 h-px-2 v-inner-lg-2 v-inner-md-2 v-inner-2 style-619 style-local-1719-c18 position-relative\">\n              <!---->\n              <!---->\n              <div class=\"w-100 h-y-container h-column__content h-column__v-align flex-basis-100 align-self-lg-start align-self-md-start align-self-start\">\n                <!---->\n                <div data-colibri-id=\"1719-c19\" class=\"h-text h-text-component style-620 style-local-1719-c19 position-relative h-element\">\n                  <!---->\n                  <!---->\n                  <div class=\"\">\n                    <p>In unserem kleinen Waldkindergarten wachsen Kinder inmitten von B\u00e4umen, Wiesen und Wind auf. Hier, wo der Tag mit dem Duft des Waldes beginnt und mit erdigen H\u00e4nden endet, begleiten wir sie mit fachlicher Kompetenz, Achtsamkeit und\n                      warmem Herzen. Unser p\u00e4dagogisches Team schafft einen sicheren Rahmen, in dem Kinder nicht nur spielen, sondern sich selbst und die Welt mit allen Sinnen entdecken d\u00fcrfen.<\/p>\n                  <\/div>\n                <\/div>\n              <\/div>\n            <\/div>\n          <\/div>\n        <\/div>\n      <\/div>\n    <\/div>\n  <\/div>\n  <div data-colibri-component=\"section\" data-colibri-id=\"1719-c24\" id=\"custom-3\" class=\"h-section h-section-global-spacing d-flex align-items-lg-start align-items-md-start align-items-start style-368 style-local-1719-c24 position-relative\">\n    <!---->\n    <!---->\n    <div class=\"h-section-grid-container h-section-fluid-container\">\n      <!---->\n      <div data-colibri-id=\"1719-c25\" class=\"h-row-container gutters-row-lg-0 gutters-row-md-0 gutters-row-0 gutters-row-v-lg-0 gutters-row-v-md-0 gutters-row-v-0 style-371 style-local-1719-c25 position-relative\">\n        <!---->\n        <div class=\"h-row justify-content-lg-start justify-content-md-start justify-content-start align-items-lg-stretch align-items-md-stretch align-items-stretch gutters-col-lg-0 gutters-col-md-0 gutters-col-0 gutters-col-v-lg-0 gutters-col-v-md-0 gutters-col-v-0\">\n          <!---->\n          <div class=\"h-column h-column-container d-flex h-col-lg-auto h-col-md-auto h-col-auto style-372-outer style-local-1719-c26-outer\">\n            <div data-colibri-id=\"1719-c26\" class=\"d-flex h-flex-basis h-column__inner h-px-lg-0 h-px-md-0 h-px-0 v-inner-lg-0 v-inner-md-0 v-inner-0 style-372 style-local-1719-c26 position-relative\">\n              <!---->\n              <!---->\n              <div class=\"w-100 h-y-container h-column__content h-column__v-align flex-basis-100 align-self-lg-start align-self-md-start align-self-start\">\n                <!---->\n                <div data-colibri-id=\"1719-c27\" class=\"h-text h-text-component style-373 style-local-1719-c27 position-relative h-element\">\n                  <!---->\n                  <!---->\n                  <div class=\"\">\n                    <div id=\"metaslider-id-2109\" style=\"width: 100%;\" class=\"ml-slider-3-108-0 metaslider metaslider-flex metaslider-2109 ml-slider ms-theme-default-base nav-hidden\" role=\"region\" aria-label=\"New Slideshow\" data-height=\"920\" data-width=\"1920\">\n    <div id=\"metaslider_container_2109\">\n        <div id=\"metaslider_2109\">\n            <ul aria-live='off' class='slides'>\n                <li style=\"display: block; width: 100%;\" class=\"slide-2328 ms-image \" aria-roledescription=\"slide\" data-date=\"2025-12-06 22:36:54\" data-filename=\"DSC00115-scaled-1920x920.jpg\" data-slide-type=\"image\"><img loading=\"lazy\" decoding=\"async\" src=\"https:\/\/naturkinder.org\/wp-content\/uploads\/2025\/12\/DSC00115-scaled-1920x920.jpg\" height=\"920\" width=\"1920\" alt=\"\" class=\"slider-2109 slide-2328 msDefaultImage\" title=\"DSC00115\" \/><\/li>\n                <li style=\"display: none; width: 100%;\" class=\"slide-2351 ms-image \" aria-roledescription=\"slide\" data-date=\"2025-12-06 22:42:30\" data-filename=\"DSC00178-scaled-1920x920.jpg\" data-slide-type=\"image\"><img loading=\"lazy\" decoding=\"async\" src=\"https:\/\/naturkinder.org\/wp-content\/uploads\/2025\/12\/DSC00178-scaled-1920x920.jpg\" height=\"920\" width=\"1920\" alt=\"\" class=\"slider-2109 slide-2351 msDefaultImage\" title=\"DSC00178\" \/><\/li>\n                <li style=\"display: none; width: 100%;\" class=\"slide-3279 ms-image \" aria-roledescription=\"slide\" data-date=\"2025-12-21 20:57:36\" data-filename=\"DSC07901-scaled-e1766477691753-1544x740.jpg\" data-slide-type=\"image\"><img loading=\"lazy\" decoding=\"async\" src=\"https:\/\/naturkinder.org\/wp-content\/uploads\/2025\/12\/DSC07901-scaled-e1766477691753-1544x740.jpg\" height=\"920\" width=\"1920\" alt=\"\" class=\"slider-2109 slide-3279 msDefaultImage\" title=\"DSC07901\" \/><\/li>\n                <li style=\"display: none; width: 100%;\" class=\"slide-3281 ms-image \" aria-roledescription=\"slide\" data-date=\"2025-12-21 20:57:36\" data-filename=\"DSC07990-scaled-1920x920.jpg\" data-slide-type=\"image\"><img loading=\"lazy\" decoding=\"async\" src=\"https:\/\/naturkinder.org\/wp-content\/uploads\/2025\/12\/DSC07990-scaled-1920x920.jpg\" height=\"920\" width=\"1920\" alt=\"\" class=\"slider-2109 slide-3281 msDefaultImage\" title=\"DSC07990\" \/><\/li>\n                <li style=\"display: none; width: 100%;\" class=\"slide-3282 ms-image \" aria-roledescription=\"slide\" data-date=\"2025-12-21 20:57:36\" data-filename=\"DSC08195-scaled-1920x920.jpg\" data-slide-type=\"image\"><img loading=\"lazy\" decoding=\"async\" src=\"https:\/\/naturkinder.org\/wp-content\/uploads\/2025\/12\/DSC08195-scaled-1920x920.jpg\" height=\"920\" width=\"1920\" alt=\"\" class=\"slider-2109 slide-3282 msDefaultImage\" title=\"DSC08195\" \/><\/li>\n                <li style=\"display: none; width: 100%;\" class=\"slide-3283 ms-image \" aria-roledescription=\"slide\" data-date=\"2025-12-21 20:57:36\" data-filename=\"DSC08308-scaled-1920x920.jpg\" data-slide-type=\"image\"><img loading=\"lazy\" decoding=\"async\" src=\"https:\/\/naturkinder.org\/wp-content\/uploads\/2025\/12\/DSC08308-scaled-1920x920.jpg\" height=\"920\" width=\"1920\" alt=\"\" class=\"slider-2109 slide-3283 msDefaultImage\" title=\"DSC08308\" \/><\/li>\n            <\/ul>\n        <\/div>\n        \n    <\/div>\n<\/div>\n                  <\/div>\n                <\/div>\n              <\/div>\n            <\/div>\n          <\/div>\n        <\/div>\n      <\/div>\n    <\/div>\n  <\/div>\n<\/div>","protected":false},"excerpt":{"rendered":"<p>Der Wald ist unser Raum und unser Rhythmus. Er schenkt Weite und Geborgenheit [&hellip;]<\/p>\n","protected":false},"author":9,"featured_media":0,"parent":0,"menu_order":0,"comment_status":"closed","ping_status":"closed","template":"page-templates\/homepage.php","meta":{"footnotes":""},"class_list":["post-1719","page","type-page","status-publish","hentry"],"_links":{"self":[{"href":"https:\/\/naturkinder.org\/index.php?rest_route=\/wp\/v2\/pages\/1719","targetHints":{"allow":["GET"]}}],"collection":[{"href":"https:\/\/naturkinder.org\/index.php?rest_route=\/wp\/v2\/pages"}],"about":[{"href":"https:\/\/naturkinder.org\/index.php?rest_route=\/wp\/v2\/types\/page"}],"author":[{"embeddable":true,"href":"https:\/\/naturkinder.org\/index.php?rest_route=\/wp\/v2\/users\/9"}],"replies":[{"embeddable":true,"href":"https:\/\/naturkinder.org\/index.php?rest_route=%2Fwp%2Fv2%2Fcomments&post=1719"}],"version-history":[{"count":20,"href":"https:\/\/naturkinder.org\/index.php?rest_route=\/wp\/v2\/pages\/1719\/revisions"}],"predecessor-version":[{"id":3808,"href":"https:\/\/naturkinder.org\/index.php?rest_route=\/wp\/v2\/pages\/1719\/revisions\/3808"}],"wp:attachment":[{"href":"https:\/\/naturkinder.org\/index.php?rest_route=%2Fwp%2Fv2%2Fmedia&parent=1719"}],"curies":[{"name":"wp","href":"https:\/\/api.w.org\/{rel}","templated":true}]}}