{"id":1654,"date":"2025-04-18T22:57:54","date_gmt":"2025-04-18T20:57:54","guid":{"rendered":"https:\/\/naturkinder.org\/?page_id=1654"},"modified":"2025-12-22T22:48:47","modified_gmt":"2025-12-22T21:48:47","slug":"jobs","status":"publish","type":"page","link":"https:\/\/naturkinder.org\/?page_id=1654","title":{"rendered":"Jobs"},"content":{"rendered":"<div data-colibri-id=\"1654-c1\" class=\"style-336 style-local-1654-c1 position-relative\">\n  <!---->\n  <div data-colibri-component=\"section\" data-colibri-id=\"1654-c2\" id=\"custom\" class=\"h-section h-section-global-spacing d-flex align-items-lg-center align-items-md-center align-items-center style-349 style-local-1654-c2 position-relative\">\n    <!---->\n    <!---->\n    <div class=\"h-section-grid-container h-section-boxed-container\">\n      <!---->\n      <div data-colibri-id=\"1654-c3\" class=\"h-row-container gutters-row-lg-2 gutters-row-md-2 gutters-row-0 gutters-row-v-lg-2 gutters-row-v-md-2 gutters-row-v-2 style-350 style-local-1654-c3 position-relative\">\n        <!---->\n        <div class=\"h-row justify-content-lg-center justify-content-md-center justify-content-center align-items-lg-stretch align-items-md-stretch align-items-stretch gutters-col-lg-2 gutters-col-md-2 gutters-col-0 gutters-col-v-lg-2 gutters-col-v-md-2 gutters-col-v-2\">\n          <!---->\n          <div class=\"h-column h-column-container d-flex h-col-lg-auto h-col-md-auto h-col-auto style-351-outer style-local-1654-c4-outer\">\n            <div data-colibri-id=\"1654-c4\" class=\"d-flex h-flex-basis h-column__inner h-px-lg-2 h-px-md-2 h-px-2 v-inner-lg-2 v-inner-md-2 v-inner-2 style-351 style-local-1654-c4 position-relative\">\n              <!---->\n              <!---->\n              <div class=\"w-100 h-y-container h-column__content h-column__v-align flex-basis-100 align-self-lg-start align-self-md-start align-self-start\">\n                <!---->\n                <div data-colibri-id=\"1654-c5\" class=\"h-global-transition-all h-heading style-352 style-local-1654-c5 position-relative h-element\">\n                  <!---->\n                  <div class=\"h-heading__outer style-352 style-local-1654-c5\">\n                    <!---->\n                    <!---->\n                    <h1 class=\"\">JOBS<\/h1>\n                  <\/div>\n                <\/div>\n                <div data-colibri-id=\"1654-c6\" class=\"h-text h-text-component style-353 style-local-1654-c6 position-relative h-element\">\n                  <!---->\n                  <!---->\n                  <div class=\"\">\n                    <p>\n                      <br>\n                    <\/p>\n                    <p><strong>Wir suchen eine Aushilfe f\u00fcr unseren Naturkindergarten<\/strong>&nbsp;<\/p>\n                    <p>\n                      <br>\n                    <\/p>\n                    <p>Ort: Naturkindergarten \u2013 H\u00e4ckselplatz, 74321 Bietigheim-Bissingen\n                      <br>Beginn: ab sofort \/ nach Vereinbarung\n                      <br>Arbeitszeit: nach Bedarf, flexibel (Minijob \/ Teilzeit)<\/p>\n                    <p><strong>\u00dcber uns<\/strong><\/p>\n                    <p>Unser Naturkindergarten ist ein Ort, an dem Kinder in enger Verbindung mit der Natur aufwachsen d\u00fcrfen. Drau\u00dfen spielen, entdecken, forschen und staunen \u2013 das ist unser Alltag. Wir legen gro\u00dfen Wert auf Achtsamkeit, Nachhaltigkeit\n                      und ein liebevolles Miteinander.<\/p>\n                    <p><strong>Deine Aufgaben<\/strong><\/p>\n                    <p>Unterst\u00fctzung der p\u00e4dagogischen Fachkr\u00e4fte im Alltag<\/p>\n                    <p>Begleitung der Kinder beim Spielen, Forschen und Entdecken in der Natur<\/p>\n                    <p>Mithilfe bei organisatorischen und hauswirtschaftlichen T\u00e4tigkeiten<\/p>\n                    <p>Unterst\u00fctzung bei Ausfl\u00fcgen und Projekten<\/p>\n                    <p><strong>Dein Profil<\/strong><\/p>\n                    <p>Freude an der Arbeit mit Kindern<\/p>\n                    <p>Interesse an der Naturp\u00e4dagogik<\/p>\n                    <p>Zuverl\u00e4ssigkeit, Engagement und Teamgeist<\/p>\n                    <p>Flexibilit\u00e4t und Lust, drau\u00dfen bei jedem Wetter zu sein<\/p>\n                    <p><strong>Wir bieten<\/strong><\/p>\n                    <p>Ein herzliches, engagiertes Team<\/p>\n                    <p>Eine wertsch\u00e4tzende Arbeitsatmosph\u00e4re<\/p>\n                    <p>Einen Arbeitsplatz in wundersch\u00f6ner Natur<\/p>\n                    <p>Flexible Arbeitszeiten nach Absprache<\/p>\n                    <p><strong>Interessiert?<\/strong><\/p>\n                    <p>Dann freuen wir uns \u00fcber deine Bewerbung!\n                      <br>Bitte sende deine Unterlagen (kurzes Anschreiben oder einfach eine Nachricht mit Motivation und Kontaktdaten) an:<\/p>\n                    <p>&nbsp;hallo@naturkinder.org\n                      <br>\n                    <\/p>\n                    <p>&nbsp;01577 474 2294<\/p>\n                    <p>Oder komm einfach vorbei und lerne uns kennen \u2013 wir freuen uns auf dich!&nbsp;<\/p>\n                  <\/div>\n                <\/div>\n              <\/div>\n            <\/div>\n          <\/div>\n        <\/div>\n      <\/div>\n    <\/div>\n  <\/div>\n<\/div>","protected":false},"excerpt":{"rendered":"<p>JOBS Wir suchen eine Aushilfe f\u00fcr unseren Naturkindergarten&nbsp; Ort: Naturkindergarten \u2013 H\u00e4ckselplatz, 74321 [&hellip;]<\/p>\n","protected":false},"author":9,"featured_media":0,"parent":0,"menu_order":0,"comment_status":"closed","ping_status":"closed","template":"page-templates\/full-width-page.php","meta":{"footnotes":""},"class_list":["post-1654","page","type-page","status-publish","hentry"],"_links":{"self":[{"href":"https:\/\/naturkinder.org\/index.php?rest_route=\/wp\/v2\/pages\/1654","targetHints":{"allow":["GET"]}}],"collection":[{"href":"https:\/\/naturkinder.org\/index.php?rest_route=\/wp\/v2\/pages"}],"about":[{"href":"https:\/\/naturkinder.org\/index.php?rest_route=\/wp\/v2\/types\/page"}],"author":[{"embeddable":true,"href":"https:\/\/naturkinder.org\/index.php?rest_route=\/wp\/v2\/users\/9"}],"replies":[{"embeddable":true,"href":"https:\/\/naturkinder.org\/index.php?rest_route=%2Fwp%2Fv2%2Fcomments&post=1654"}],"version-history":[{"count":20,"href":"https:\/\/naturkinder.org\/index.php?rest_route=\/wp\/v2\/pages\/1654\/revisions"}],"predecessor-version":[{"id":3618,"href":"https:\/\/naturkinder.org\/index.php?rest_route=\/wp\/v2\/pages\/1654\/revisions\/3618"}],"wp:attachment":[{"href":"https:\/\/naturkinder.org\/index.php?rest_route=%2Fwp%2Fv2%2Fmedia&parent=1654"}],"curies":[{"name":"wp","href":"https:\/\/api.w.org\/{rel}","templated":true}]}}